{"id":30896,"date":"2019-02-05T11:11:28","date_gmt":"2019-02-05T10:11:28","guid":{"rendered":"http:\/\/www.fattoriacasasola.it\/benessere-incentives-in-chianti\/"},"modified":"2023-12-11T17:47:37","modified_gmt":"2023-12-11T16:47:37","slug":"wohlergehen-incentives-chianti","status":"publish","type":"page","link":"https:\/\/www.fattoriacasasola.it\/de\/wohlergehen-incentives-chianti\/","title":{"rendered":"WOHLERGEHEN UND MOTIVATION IM CHIANTI-GEBIET"},"content":{"rendered":"<p>[et_pb_section fb_built=&#8221;1&#8243; custom_padding_last_edited=&#8221;on|desktop&#8221; _builder_version=&#8221;4.16&#8243; background_image=&#8221;http:\/\/www.fattoriacasasola.it\/wp-content\/uploads\/2019\/02\/header-agriturismo-incentives-benessere-chianti-02.jpg&#8221; background_position=&#8221;top_center&#8221; custom_padding=&#8221;450px||0px|&#8221; custom_padding_tablet=&#8221;320px|200px|0px|&#8221; custom_padding_phone=&#8221;320px|100px|0px|&#8221; custom_css_main_element=&#8221;border-bottom:2px solid #990000;|| background-position: center bottom;&#8221; transparent_background=&#8221;off&#8221; global_colors_info=&#8221;{}&#8221;][et_pb_row _builder_version=&#8221;4.16&#8243; background_size=&#8221;initial&#8221; background_position=&#8221;top_left&#8221; background_repeat=&#8221;repeat&#8221; custom_padding=&#8221;27px|0px|0px|0px&#8221; global_colors_info=&#8221;{}&#8221;][et_pb_column type=&#8221;4_4&#8243; _builder_version=&#8221;4.16&#8243; custom_padding=&#8221;|||&#8221; global_colors_info=&#8221;{}&#8221; custom_padding__hover=&#8221;|||&#8221;][et_pb_post_title meta=&#8221;off&#8221; featured_image=&#8221;off&#8221; text_color=&#8221;light&#8221; _builder_version=&#8221;4.16&#8243; title_font=&#8221;Crimson Text|||on|&#8221; title_text_color=&#8221;#ffffff&#8221; title_font_size=&#8221;23px&#8221; background_color=&#8221;#990000&#8243; text_orientation=&#8221;center&#8221; custom_margin=&#8221;|30%||30%&#8221; custom_margin_tablet=&#8221;&#8221; custom_margin_phone=&#8221;|5%||5%&#8221; custom_margin_last_edited=&#8221;on|phone&#8221; custom_padding=&#8221;10px||10px||true&#8221; title_font_size_tablet=&#8221;18px&#8221; title_font_size_phone=&#8221;&#8221; title_font_size_last_edited=&#8221;on|phone&#8221; custom_css_main_element=&#8221;border-radius: 5px 5px 0px 0px;||&#8221; parallax_effect=&#8221;off&#8221; module_bg_color=&#8221;#990000&#8243; saved_tabs=&#8221;all&#8221; global_colors_info=&#8221;{}&#8221;]<\/p>\n<p>\n&nbsp;<\/p>\n<p>[\/et_pb_post_title][\/et_pb_column][\/et_pb_row][\/et_pb_section][et_pb_section fb_built=&#8221;1&#8243; disabled_on=&#8221;off|off|off&#8221; admin_label=&#8221;section&#8221; module_id=&#8221;sticker&#8221; _builder_version=&#8221;4.17.1&#8243; background_color=&#8221;rgba(252,243,229,0)&#8221; custom_padding=&#8221;20px||20px||true|false&#8221; custom_css_main_element=&#8221;z-index:1000 !important&#8221; transparent_background=&#8221;on&#8221; locked=&#8221;off&#8221; global_colors_info=&#8221;{}&#8221;][et_pb_row disabled_on=&#8221;off|off|off&#8221; admin_label=&#8221;row&#8221; _builder_version=&#8221;4.16&#8243; background_color=&#8221;rgba(252,243,229,0)&#8221; background_size=&#8221;initial&#8221; background_position=&#8221;top_left&#8221; background_repeat=&#8221;repeat&#8221; custom_padding=&#8221;0px|0px|0px|0px&#8221; global_colors_info=&#8221;{}&#8221;][et_pb_column type=&#8221;4_4&#8243; _builder_version=&#8221;4.16&#8243; custom_padding=&#8221;|||&#8221; global_colors_info=&#8221;{}&#8221; custom_padding__hover=&#8221;|||&#8221;][et_pb_button button_url=&#8221;https:\/\/booking.passepartout.cloud\/booking?oidPortale=7456&#038;lingua=de&#8221; url_new_window=&#8221;on&#8221; button_text=&#8221;Buchen Sie Ihren Aufenthalt&#8221; button_alignment=&#8221;center&#8221; admin_label=&#8221;pulsante prenota&#8221; _builder_version=&#8221;4.17.1&#8243; _module_preset=&#8221;default&#8221; custom_button=&#8221;on&#8221; button_text_color=&#8221;#FFFFFF&#8221; button_bg_color=&#8221;#990000&#8243; button_border_width=&#8221;0px&#8221; button_border_radius=&#8221;7px&#8221; custom_padding=&#8221;|53px||53px|false|true&#8221; global_colors_info=&#8221;{}&#8221;][\/et_pb_button][\/et_pb_column][\/et_pb_row][\/et_pb_section][et_pb_section fb_built=&#8221;1&#8243; _builder_version=&#8221;4.16&#8243; custom_padding=&#8221;0px|0px|54px|0px&#8221; global_colors_info=&#8221;{}&#8221;][et_pb_row use_custom_gutter=&#8221;on&#8221; gutter_width=&#8221;0&#8243; disabled_on=&#8221;off|off|off&#8221; _builder_version=&#8221;4.16&#8243; custom_padding=&#8221;|20px||20px&#8221; global_colors_info=&#8221;{}&#8221;][et_pb_column type=&#8221;4_4&#8243; _builder_version=&#8221;4.16&#8243; custom_padding=&#8221;|||&#8221; global_colors_info=&#8221;{}&#8221; custom_padding__hover=&#8221;|||&#8221;][et_pb_text _builder_version=&#8221;4.17.1&#8243; text_font_size=&#8221;16&#8243; text_line_height=&#8221;1.8em&#8221; text_orientation=&#8221;justified&#8221; module_alignment=&#8221;left&#8221; custom_margin=&#8221;||30px|&#8221; global_colors_info=&#8221;{}&#8221;]<\/p>\n<p>Agriturismo Casa Sola ist auch ein idealer Ort f\u00fcr kleine informelle Treffen zwischen Kollegen. Teambuilding im Casa Sola wird einfach: Die Natur l\u00e4dt zum Entspannen ein, die Stille regt zur Entspannung an, das hervorragende Essen und der Wein wecken die richtige Lust auf Geselligkeit und Austausch zwischen Menschen. Wir organisieren Wochenenden, Trainingsseminare in ganzheitlichen Disziplinen und Aktivit\u00e4ten rund um Wohlbefinden und Entspannung.<\/p>\n<p>Wir bieten unseren Wohneinheiten Garten und Veranden auf mehreren Ebenen, eine offene Scheune (90 Quadratmeter), Tische, St\u00fchle und eine gro\u00dfe Au\u00dfenterrasse in Panoramalage zwischen Wald und Weinbergen. M\u00f6glichkeit, Brunchs\/Abendessen mit Liebe zum Detail und sorgf\u00e4ltig ausgew\u00e4hlten Zero-Mile-Produkten zu organisieren.<\/p>\n<p>. <a href=\"mailto:vacanze@fattoriacasasola.com\">Kontaktieren Sie uns<\/a> f\u00fcr ein Ad-hoc-Angebot!<\/p>\n<p>[\/et_pb_text][\/et_pb_column][\/et_pb_row][et_pb_row use_custom_gutter=&#8221;on&#8221; gutter_width=&#8221;1&#8243; _builder_version=&#8221;4.16&#8243; global_colors_info=&#8221;{}&#8221;][et_pb_column type=&#8221;4_4&#8243; _builder_version=&#8221;4.16&#8243; custom_padding=&#8221;|||&#8221; global_colors_info=&#8221;{}&#8221; custom_padding__hover=&#8221;|||&#8221;][et_pb_gallery gallery_ids=&#8221;30867,30810,32902,32899&#8243; posts_number=&#8221;12&#8243; show_title_and_caption=&#8221;off&#8221; show_pagination=&#8221;off&#8221; zoom_icon_color=&#8221;#990000&#8243; _builder_version=&#8221;4.17.1&#8243; hover_enabled=&#8221;0&#8243; pagination_font_size_tablet=&#8221;51&#8243; pagination_line_height_tablet=&#8221;2&#8243; custom_css_gallery_item=&#8221;padding: 3px;&#8221; saved_tabs=&#8221;all&#8221; global_colors_info=&#8221;{}&#8221; sticky_enabled=&#8221;0&#8243;]<\/p>\n<p>\n&nbsp;<\/p>\n<p>[\/et_pb_gallery][\/et_pb_column][\/et_pb_row][\/et_pb_section][et_pb_section fb_built=&#8221;1&#8243; _builder_version=&#8221;4.16&#8243; custom_padding=&#8221;0px|0px|0px|0px&#8221; global_colors_info=&#8221;{}&#8221;][et_pb_row _builder_version=&#8221;4.16&#8243; background_size=&#8221;initial&#8221; background_position=&#8221;top_left&#8221; background_repeat=&#8221;repeat&#8221; custom_padding=&#8221;0px|0px|0px|0px&#8221; global_colors_info=&#8221;{}&#8221;][et_pb_column type=&#8221;4_4&#8243; _builder_version=&#8221;4.16&#8243; custom_padding=&#8221;|||&#8221; global_colors_info=&#8221;{}&#8221; custom_padding__hover=&#8221;|||&#8221;][et_pb_image src=&#8221;http:\/\/www.fattoriacasasola.it\/wp-content\/uploads\/2017\/05\/ghirigoro.png&#8221; align=&#8221;center&#8221; align_tablet=&#8221;center&#8221; align_phone=&#8221;&#8221; align_last_edited=&#8221;on|desktop&#8221; _builder_version=&#8221;4.16&#8243; background_size=&#8221;initial&#8221; background_position=&#8221;top_left&#8221; background_repeat=&#8221;repeat&#8221; animation=&#8221;off&#8221; global_colors_info=&#8221;{}&#8221;][\/et_pb_image][\/et_pb_column][\/et_pb_row][\/et_pb_section][et_pb_section fb_built=&#8221;1&#8243; inner_shadow=&#8221;on&#8221; _builder_version=&#8221;3.19.4&#8243; background_color=&#8221;#fcf3e5&#8243; custom_padding=&#8221;0px|0px|0px|0px&#8221; custom_css_main_element=&#8221;margin-top:30px !important;||width:100% !important;&#8221; global_module=&#8221;30546&#8243; global_colors_info=&#8221;{}&#8221;][et_pb_row admin_label=&#8221;row&#8221; module_class=&#8221; et_pb_row_fullwidth&#8221; _builder_version=&#8221;4.16&#8243; background_size=&#8221;initial&#8221; background_position=&#8221;top_left&#8221; background_repeat=&#8221;repeat&#8221; width=&#8221;89%&#8221; width_tablet=&#8221;80%&#8221; width_phone=&#8221;&#8221; width_last_edited=&#8221;on|desktop&#8221; max_width=&#8221;89%&#8221; max_width_tablet=&#8221;80%&#8221; max_width_phone=&#8221;&#8221; max_width_last_edited=&#8221;on|desktop&#8221; custom_padding=&#8221;17px|0px|0px|0px&#8221; make_fullwidth=&#8221;on&#8221; global_colors_info=&#8221;{}&#8221;][et_pb_column type=&#8221;4_4&#8243; _builder_version=&#8221;4.16&#8243; custom_padding=&#8221;|||&#8221; global_colors_info=&#8221;{}&#8221; custom_padding__hover=&#8221;|||&#8221;][et_pb_image src=&#8221;http:\/\/www.fattoriacasasola.it\/wp-content\/uploads\/2017\/03\/logo-vettoriale.png&#8221; align=&#8221;center&#8221; align_tablet=&#8221;center&#8221; align_phone=&#8221;&#8221; align_last_edited=&#8221;on|desktop&#8221; _builder_version=&#8221;4.16&#8243; max_width=&#8221;200px&#8221; custom_margin=&#8221;||10px|&#8221; animation_style=&#8221;slide&#8221; animation_direction=&#8221;left&#8221; animation_duration=&#8221;500ms&#8221; animation_intensity_slide=&#8221;10%&#8221; global_colors_info=&#8221;{}&#8221;][\/et_pb_image][et_pb_divider color=&#8221;#990000&#8243; disabled_on=&#8221;on|on|off&#8221; _builder_version=&#8221;4.16&#8243; global_colors_info=&#8221;{}&#8221;][\/et_pb_divider][\/et_pb_column][\/et_pb_row][et_pb_row column_structure=&#8221;1_2,1_2&#8243; use_custom_gutter=&#8221;on&#8221; gutter_width=&#8221;2&#8243; make_equal=&#8221;on&#8221; _builder_version=&#8221;4.16&#8243; background_size=&#8221;initial&#8221; background_position=&#8221;top_left&#8221; background_repeat=&#8221;repeat&#8221; custom_margin=&#8221;||10px|&#8221; custom_padding=&#8221;20px|0px|0px|0px&#8221; global_colors_info=&#8221;{}&#8221;][et_pb_column type=&#8221;1_2&#8243; _builder_version=&#8221;4.16&#8243; custom_padding=&#8221;||10px|&#8221; global_colors_info=&#8221;{}&#8221; custom_padding__hover=&#8221;|||&#8221;][et_pb_text _builder_version=&#8221;4.17.1&#8243; text_font=&#8221;Crimson Text||||&#8221; text_font_size=&#8221;20px&#8221; text_line_height=&#8221;1.4em&#8221; header_font=&#8221;Crimson Text||||&#8221; background_size=&#8221;initial&#8221; background_position=&#8221;top_left&#8221; background_repeat=&#8221;repeat&#8221; text_orientation=&#8221;center&#8221; module_alignment=&#8221;center&#8221; custom_padding=&#8221;||20px|&#8221; custom_css_main_element=&#8221;font-size:10px;&#8221; border_style=&#8221;solid&#8221; global_colors_info=&#8221;{}&#8221;]<\/p>\n<h4><span style=\"color: #990000;\">Strada di Cortine, 5, 50021 Barberino Val D\u2019elsa FI<\/span><\/h4>\n<h4><span style=\"color: #990000;\"><a href=\"tel:+390558075028\">Tel.+39 055 8075028<\/a> &#8211; <a href=\"tel:+393345646964\">Cell. +39 334 5646964<\/a><\/span><\/h4>\n<h4><a href=\"mailto:vacanze@fattoriacasasola.com\"><span style=\"color: #990000;\">vacanze@fattoriacasasola.com<\/span><\/a><\/h4>\n<h4><span style=\"color: #990000;\">P.iva 05690810485 &#8211; C.F: 00931860480 &#8211; REA FI-168241<br \/>Codice Regionale: 048003AAT0008<\/span><\/h4>\n<p>[\/et_pb_text][et_pb_button button_url=&#8221;http:\/\/www.fattoriacasasola.it\/privacy-policy\/&#8221; button_text=&#8221;Privacy Policy&#8221; button_alignment=&#8221;center&#8221; admin_label=&#8221;privacy&#8221; _builder_version=&#8221;4.16&#8243; custom_button=&#8221;on&#8221; button_text_size=&#8221;14px&#8221; button_text_color=&#8221;#990000&#8243; button_border_width=&#8221;1px&#8221; button_use_icon=&#8221;off&#8221; custom_css_main_element=&#8221;padding:1px 4px 1px 5px !important;||&#8221; button_letter_spacing_hover=&#8221;0&#8243; global_colors_info=&#8221;{}&#8221; button_text_size__hover_enabled=&#8221;off&#8221; button_text_size__hover=&#8221;null&#8221; button_one_text_size__hover_enabled=&#8221;off&#8221; button_one_text_size__hover=&#8221;null&#8221; button_two_text_size__hover_enabled=&#8221;off&#8221; button_two_text_size__hover=&#8221;null&#8221; button_text_color__hover_enabled=&#8221;off&#8221; button_text_color__hover=&#8221;null&#8221; button_one_text_color__hover_enabled=&#8221;off&#8221; button_one_text_color__hover=&#8221;null&#8221; button_two_text_color__hover_enabled=&#8221;off&#8221; button_two_text_color__hover=&#8221;null&#8221; button_border_width__hover_enabled=&#8221;off&#8221; button_border_width__hover=&#8221;null&#8221; button_one_border_width__hover_enabled=&#8221;off&#8221; button_one_border_width__hover=&#8221;null&#8221; button_two_border_width__hover_enabled=&#8221;off&#8221; button_two_border_width__hover=&#8221;null&#8221; button_border_color__hover_enabled=&#8221;off&#8221; button_border_color__hover=&#8221;null&#8221; button_one_border_color__hover_enabled=&#8221;off&#8221; button_one_border_color__hover=&#8221;null&#8221; button_two_border_color__hover_enabled=&#8221;off&#8221; button_two_border_color__hover=&#8221;null&#8221; button_border_radius__hover_enabled=&#8221;off&#8221; button_border_radius__hover=&#8221;null&#8221; button_one_border_radius__hover_enabled=&#8221;off&#8221; button_one_border_radius__hover=&#8221;null&#8221; button_two_border_radius__hover_enabled=&#8221;off&#8221; button_two_border_radius__hover=&#8221;null&#8221; button_letter_spacing__hover_enabled=&#8221;on&#8221; button_letter_spacing__hover=&#8221;0&#8243; button_one_letter_spacing__hover_enabled=&#8221;off&#8221; button_one_letter_spacing__hover=&#8221;null&#8221; button_two_letter_spacing__hover_enabled=&#8221;off&#8221; button_two_letter_spacing__hover=&#8221;null&#8221; button_bg_color__hover_enabled=&#8221;off&#8221; button_bg_color__hover=&#8221;null&#8221; button_one_bg_color__hover_enabled=&#8221;off&#8221; button_one_bg_color__hover=&#8221;null&#8221; button_two_bg_color__hover_enabled=&#8221;off&#8221; button_two_bg_color__hover=&#8221;null&#8221;][\/et_pb_button][et_pb_text admin_label=&#8221;Icone social etc&#8221; _builder_version=&#8221;4.16&#8243; background_size=&#8221;initial&#8221; background_position=&#8221;top_left&#8221; background_repeat=&#8221;repeat&#8221; text_orientation=&#8221;center&#8221; module_alignment=&#8221;center&#8221; custom_padding=&#8221;20px|||&#8221; global_colors_info=&#8221;{}&#8221;]<\/p>\n<p>\n[vc_row][vc_column]<div class=\"mpc-tooltip-wrap\" data-id=\"mpc_icon-8569f2b78160962\"><a href=\"https:\/\/www.facebook.com\/fattoriacasasolaagriturismo\/\" target=\" _blank\" title=\"\"  data-id=\"mpc_icon-8569f2b78160962\" class=\"mpc-icon mpc-init mpc-transition mpc-tooltip-target mpc-effect-fade mpc-icon-hover \"><div class=\"mpc-icon-wrap\"><i class=\"mpc-icon-part mpc-regular mpc-transition  fa fa-facebook-f\"><\/i><i class=\"mpc-icon-part mpc-hover mpc-transition  fa fa-facebook-f\"><\/i><\/div><\/a><div id=\"mpc_tooltip-4769f2b7816097b\" class=\"mpc-tooltip mpc-init mpc-position--bottom mpc-can-hover mpc-trigger--hover \">Facebook<div class=\"mpc-arrow\"><\/div><\/div><\/div><div class=\"mpc-tooltip-wrap\" data-id=\"mpc_icon-4169f2b781609f8\"><a href=\"https:\/\/www.instagram.com\/fattoriacasasolaagriturismo\/\" target=\" _blank\" title=\"\"  data-id=\"mpc_icon-4169f2b781609f8\" class=\"mpc-icon mpc-init mpc-transition mpc-tooltip-target mpc-effect-fade mpc-icon-hover \"><div class=\"mpc-icon-wrap\"><i class=\"mpc-icon-part mpc-regular mpc-transition  fa fa-instagram\"><\/i><i class=\"mpc-icon-part mpc-hover mpc-transition  fa fa-instagram\"><\/i><\/div><\/a><div id=\"mpc_tooltip-5769f2b78160a15\" class=\"mpc-tooltip mpc-init mpc-position--bottom mpc-can-hover mpc-trigger--hover \">Facebook<div class=\"mpc-arrow\"><\/div><\/div><\/div><div class=\"mpc-tooltip-wrap\" data-id=\"mpc_icon-5969f2b78160a4e\"><a href=\"https:\/\/www.youtube.com\/channel\/UCtL-VSnbo9wziO6jw4Xcw-g\" target=\" _blank\" title=\"\"  data-id=\"mpc_icon-5969f2b78160a4e\" class=\"mpc-icon mpc-init mpc-transition mpc-tooltip-target mpc-effect-fade mpc-icon-hover \"><div class=\"mpc-icon-wrap\"><i class=\"mpc-icon-part mpc-regular mpc-transition  fa fa-youtube-play\"><\/i><i class=\"mpc-icon-part mpc-hover mpc-transition  fa fa-youtube-play\"><\/i><\/div><\/a><div id=\"mpc_tooltip-6269f2b78160a5c\" class=\"mpc-tooltip mpc-init mpc-position--bottom mpc-can-hover mpc-trigger--hover \">YouTube<div class=\"mpc-arrow\"><\/div><\/div><\/div><div class=\"mpc-tooltip-wrap\" data-id=\"mpc_icon-969f2b78160a91\"><a href=\"https:\/\/www.tripadvisor.it\/Hotel_Review-g616195-d304612-Reviews-Fattoria_Casa_Sola-Barberino_Val_d_Elsa_Tuscany.html\" target=\" _blank\" title=\"\"  data-id=\"mpc_icon-969f2b78160a91\" class=\"mpc-icon mpc-init mpc-transition mpc-tooltip-target mpc-effect-fade mpc-icon-hover \"><div class=\"mpc-icon-wrap\"><i class=\"mpc-icon-part mpc-regular mpc-transition  fa fa-tripadvisor\"><\/i><i class=\"mpc-icon-part mpc-hover mpc-transition  fa fa-tripadvisor\"><\/i><\/div><\/a><div id=\"mpc_tooltip-8769f2b78160a9f\" class=\"mpc-tooltip mpc-init mpc-position--bottom mpc-can-hover mpc-trigger--hover \">Trip Advisor<div class=\"mpc-arrow\"><\/div><\/div><\/div><div class=\"mpc-tooltip-wrap\" data-id=\"mpc_icon-8769f2b78160ad4\"><a href=\"http:\/\/www.fattoriacasasola.it\/contatti\/\" target=\"\" title=\"\"  data-id=\"mpc_icon-8769f2b78160ad4\" class=\"mpc-icon mpc-init mpc-transition mpc-tooltip-target mpc-effect-fade mpc-icon-hover \"><div class=\"mpc-icon-wrap\"><i class=\"mpc-icon-part mpc-regular mpc-transition  fa fa-map\"><\/i><i class=\"mpc-icon-part mpc-hover mpc-transition  fa fa-map\"><\/i><\/div><\/a><div id=\"mpc_tooltip-1369f2b78160ae1\" class=\"mpc-tooltip mpc-init mpc-position--bottom mpc-can-hover mpc-trigger--hover \">Dove Siamo<div class=\"mpc-arrow\"><\/div><\/div><\/div><div class=\"mpc-tooltip-wrap\" data-id=\"mpc_icon-3969f2b78160b10\"><a href=\"mailto:vacanze@fattoriacasasola.com\" target=\"\" title=\"\"  data-id=\"mpc_icon-3969f2b78160b10\" class=\"mpc-icon mpc-init mpc-transition mpc-tooltip-target mpc-effect-fade mpc-icon-hover \"><div class=\"mpc-icon-wrap\"><i class=\"mpc-icon-part mpc-regular mpc-transition  fa fa-envelope\"><\/i><i class=\"mpc-icon-part mpc-hover mpc-transition  fa fa-envelope\"><\/i><\/div><\/a><div id=\"mpc_tooltip-3569f2b78160b1d\" class=\"mpc-tooltip mpc-init mpc-position--bottom mpc-can-hover mpc-trigger--hover \">Contatti<div class=\"mpc-arrow\"><\/div><\/div><\/div><div class=\"mpc-tooltip-wrap\" data-id=\"mpc_icon-869f2b78160b4c\"><a href=\"tel:+393345646964\" target=\"\" title=\"\"  data-id=\"mpc_icon-869f2b78160b4c\" class=\"mpc-icon mpc-init mpc-transition mpc-tooltip-target mpc-effect-fade mpc-icon-hover \"><div class=\"mpc-icon-wrap\"><i class=\"mpc-icon-part mpc-regular mpc-transition  fa fa-phone\"><\/i><i class=\"mpc-icon-part mpc-hover mpc-transition  fa fa-phone\"><\/i><\/div><\/a><div id=\"mpc_tooltip-8769f2b78160b58\" class=\"mpc-tooltip mpc-init mpc-position--bottom mpc-can-hover mpc-trigger--hover \">Chiamaci<div class=\"mpc-arrow\"><\/div><\/div><\/div><div class=\"mpc-tooltip-wrap\" data-id=\"mpc_icon-5669f2b78160b8a\"><a href=\"https:\/\/webhotels.passepartout.cloud\/2017C\/Booking\/Booking?Albergo=254909&#038;OidPortaleXAlbergo=7456&#038;Lingua=0&#038;IdRequest=379856208\" target=\" _blank\" title=\"\"  data-id=\"mpc_icon-5669f2b78160b8a\" class=\"mpc-icon mpc-init mpc-transition mpc-tooltip-target mpc-effect-fade mpc-icon-hover \"><div class=\"mpc-icon-wrap\"><i class=\"mpc-icon-part mpc-regular mpc-transition  fa fa-calendar\"><\/i><i class=\"mpc-icon-part mpc-hover mpc-transition  fa fa-calendar\"><\/i><\/div><\/a><div id=\"mpc_tooltip-269f2b78160b97\" class=\"mpc-tooltip mpc-init mpc-position--bottom mpc-can-hover mpc-trigger--hover \">Disponibilit\u00e0 <div class=\"mpc-arrow\"><\/div><\/div><\/div>[\/vc_column][\/vc_row]<\/p>\n<p>[\/et_pb_text][\/et_pb_column][et_pb_column type=&#8221;1_2&#8243; _builder_version=&#8221;4.16&#8243; custom_padding=&#8221;||10px|&#8221; global_colors_info=&#8221;{}&#8221; custom_padding__hover=&#8221;|||&#8221;][et_pb_contact_form email=&#8221;vacanze@fattoriacasasola.com&#8221; title=&#8221;Iscriviti alla nostra newsletter&#8221; custom_message=&#8221;Vorrei essere iscritto alla vostra newsletter:||et_pb_line_break_holder||||et_pb_line_break_holder||Nome: %%Name%%||et_pb_line_break_holder||Email: %%Email%%||et_pb_line_break_holder||||et_pb_line_break_holder||&#8221; success_message=&#8221;Grazie per esserti iscritto !&#8221; submit_button_text=&#8221;Iscriviti&#8221; admin_label=&#8221;newsletter EN&#8221; _builder_version=&#8221;4.16&#8243; _unique_id=&#8221;2f24526a-5296-4179-afb6-df6b32594d57&#8243; title_text_color=&#8221;#990000&#8243; title_font_size=&#8221;22&#8243; custom_button=&#8221;on&#8221; button_text_size=&#8221;15&#8243; button_text_color=&#8221;#990000&#8243; button_border_color=&#8221;#990000&#8243; global_colors_info=&#8221;{}&#8221;][et_pb_contact_field field_id=&#8221;Name&#8221; field_title=&#8221;Nome&#8221; required_mark=&#8221;off&#8221; _builder_version=&#8221;4.16&#8243; form_field_font=&#8221;||||&#8221; use_border_color=&#8221;off&#8221; border_style=&#8221;solid&#8221; global_colors_info=&#8221;{}&#8221;][\/et_pb_contact_field][et_pb_contact_field field_id=&#8221;Email&#8221; field_title=&#8221;Indirizzo e-mail*&#8221; field_type=&#8221;email&#8221; _builder_version=&#8221;4.16&#8243; form_field_font=&#8221;||||&#8221; use_border_color=&#8221;off&#8221; border_style=&#8221;solid&#8221; global_colors_info=&#8221;{}&#8221;][\/et_pb_contact_field][et_pb_contact_field field_id=&#8221;Casella_spunta&#8221; field_type=&#8221;checkbox&#8221; checkbox_options=&#8221;%91{%22value%22:%22Ho letto la privacy*%22,%22checked%22:0}%93&#8243; fullwidth_field=&#8221;on&#8221; _builder_version=&#8221;4.16&#8243; form_field_font=&#8221;||||&#8221; use_border_color=&#8221;off&#8221; border_style=&#8221;solid&#8221; global_colors_info=&#8221;{}&#8221;][\/et_pb_contact_field][\/et_pb_contact_form][\/et_pb_column][\/et_pb_row][\/et_pb_section]<\/p>\n","protected":false},"excerpt":{"rendered":"<p>&nbsp; Agriturismo Casa Sola ist auch ein idealer Ort f\u00fcr kleine informelle Treffen zwischen Kollegen. Teambuilding im Casa Sola wird einfach: Die Natur l\u00e4dt zum Entspannen ein, die Stille regt zur Entspannung an, das hervorragende Essen und der Wein wecken die richtige Lust auf Geselligkeit und Austausch zwischen Menschen. Wir organisieren Wochenenden, Trainingsseminare in ganzheitlichen<\/p>\n","protected":false},"author":1,"featured_media":0,"parent":0,"menu_order":0,"comment_status":"closed","ping_status":"closed","template":"","meta":{"_et_pb_use_builder":"on","_et_pb_old_content":"","_et_gb_content_width":""},"_links":{"self":[{"href":"https:\/\/www.fattoriacasasola.it\/de\/wp-json\/wp\/v2\/pages\/30896"}],"collection":[{"href":"https:\/\/www.fattoriacasasola.it\/de\/wp-json\/wp\/v2\/pages"}],"about":[{"href":"https:\/\/www.fattoriacasasola.it\/de\/wp-json\/wp\/v2\/types\/page"}],"author":[{"embeddable":true,"href":"https:\/\/www.fattoriacasasola.it\/de\/wp-json\/wp\/v2\/users\/1"}],"replies":[{"embeddable":true,"href":"https:\/\/www.fattoriacasasola.it\/de\/wp-json\/wp\/v2\/comments?post=30896"}],"version-history":[{"count":14,"href":"https:\/\/www.fattoriacasasola.it\/de\/wp-json\/wp\/v2\/pages\/30896\/revisions"}],"predecessor-version":[{"id":32917,"href":"https:\/\/www.fattoriacasasola.it\/de\/wp-json\/wp\/v2\/pages\/30896\/revisions\/32917"}],"wp:attachment":[{"href":"https:\/\/www.fattoriacasasola.it\/de\/wp-json\/wp\/v2\/media?parent=30896"}],"curies":[{"name":"wp","href":"https:\/\/api.w.org\/{rel}","templated":true}]}}